{"id":88,"date":"2024-11-28T11:23:27","date_gmt":"2024-11-28T10:23:27","guid":{"rendered":"https:\/\/www.cesvop.org\/bibliotecasociale\/?page_id=88"},"modified":"2024-11-28T11:23:28","modified_gmt":"2024-11-28T10:23:28","slug":"eventi-culturali","status":"publish","type":"page","link":"https:\/\/www.cesvop.org\/bibliotecasociale\/?page_id=88","title":{"rendered":"Eventi culturali"},"content":{"rendered":"\n<p><strong>La Biblioteca Sociale del CeSVoP \u00e8 molto pi\u00f9 che una semplice biblioteca!<\/strong> \u00c8 un <strong>luogo vivace e dinamico<\/strong> dove la cultura prende forma attraverso un ricco programma di eventi per tutte le et\u00e0.<\/p>\n\n\n\n<p><strong>Cosa ti offriamo:<\/strong><\/p>\n\n\n\n<ul class=\"wp-block-list\">\n<li><strong>Presentazioni di libri<\/strong>: incontri con autori per scoprire le ultime novit\u00e0 editoriali e approfondire temi di attualit\u00e0.<\/li>\n\n\n\n<li><strong>Corsi di formazione<\/strong>: occasioni di apprendimento e crescita personale su temi legati al volontariato, al terzo settore e alla cultura.<\/li>\n\n\n\n<li><strong>Rassegne cinematografiche<\/strong>: proiezioni di film e documentari per riflettere e dibattere insieme.<\/li>\n\n\n\n<li><strong>Laboratori creativi<\/strong>: esperienze stimolanti per liberare la fantasia e la creativit\u00e0, come laboratori di poesia, giochi da tavolo e molto altro.<\/li>\n\n\n\n<li><strong>Mostre artistiche<\/strong>: esposizioni temporanee per ammirare le opere di artisti locali e internazionali.<\/li>\n\n\n\n<li><strong>Incontri e dibattiti<\/strong>: momenti di confronto su temi sociali, culturali e di attualit\u00e0.<\/li>\n<\/ul>\n\n\n\n<h2 class=\"wp-block-heading\">La partecipazione agli eventi \u00e8 <strong>aperta a tutti<\/strong> e spesso <strong>gratuita<\/strong>, grazie al sostegno del CeSVoP.<\/h2>\n\n\n\n<p><a href=\"https:\/\/linktr.ee\/bibliotecasocialecesvop\">Resta aggiornato sul nostro <strong>calendario eventi<\/strong> consultando le news o le nostre pagine social.<\/a><\/p>\n","protected":false},"excerpt":{"rendered":"<p>La Biblioteca Sociale del CeSVoP \u00e8 molto pi\u00f9 che una semplice biblioteca! \u00c8 un luogo vivace e dinamico dove la cultura prende forma attraverso un ricco programma di eventi per tutte le et\u00e0. Cosa ti offriamo: La partecipazione agli eventi \u00e8 aperta a tutti e spesso gratuita, grazie al sostegno [&hellip;]<\/p>\n","protected":false},"author":1,"featured_media":89,"parent":0,"menu_order":0,"comment_status":"closed","ping_status":"closed","template":"","meta":{"_themeisle_gutenberg_block_has_review":false,"footnotes":""},"class_list":["post-88","page","type-page","status-publish","has-post-thumbnail","hentry"],"yoast_head":"<!-- This site is optimized with the Yoast SEO plugin v26.6 - https:\/\/yoast.com\/wordpress\/plugins\/seo\/ -->\r\n<title>Eventi culturali - Biblioteca Sociale CeSVoP<\/title>\r\n<meta name=\"robots\" content=\"index, follow, max-snippet:-1, max-image-preview:large, max-video-preview:-1\" \/>\r\n<link rel=\"canonical\" href=\"https:\/\/www.cesvop.org\/bibliotecasociale\/?page_id=88\" \/>\r\n<meta property=\"og:locale\" content=\"it_IT\" \/>\r\n<meta property=\"og:type\" content=\"article\" \/>\r\n<meta property=\"og:title\" content=\"Eventi culturali - Biblioteca Sociale CeSVoP\" \/>\r\n<meta property=\"og:description\" content=\"La Biblioteca Sociale del CeSVoP \u00e8 molto pi\u00f9 che una semplice biblioteca! \u00c8 un luogo vivace e dinamico dove la cultura prende forma attraverso un ricco programma di eventi per tutte le et\u00e0. Cosa ti offriamo: La partecipazione agli eventi \u00e8 aperta a tutti e spesso gratuita, grazie al sostegno [&hellip;]\" \/>\r\n<meta property=\"og:url\" content=\"https:\/\/www.cesvop.org\/bibliotecasociale\/?page_id=88\" \/>\r\n<meta property=\"og:site_name\" content=\"Biblioteca Sociale CeSVoP\" \/>\r\n<meta property=\"article:modified_time\" content=\"2024-11-28T10:23:28+00:00\" \/>\r\n<meta property=\"og:image\" content=\"https:\/\/www.cesvop.org\/bibliotecasociale\/wp-content\/uploads\/2024\/11\/biblio_sociale_header_cultura.png\" \/>\r\n\t<meta property=\"og:image:width\" content=\"1104\" \/>\r\n\t<meta property=\"og:image:height\" content=\"621\" \/>\r\n\t<meta property=\"og:image:type\" content=\"image\/png\" \/>\r\n<meta name=\"twitter:card\" content=\"summary_large_image\" \/>\r\n<meta name=\"twitter:label1\" content=\"Tempo di lettura stimato\" \/>\n\t<meta name=\"twitter:data1\" content=\"1 minuto\" \/>\r\n<script type=\"application\/ld+json\" class=\"yoast-schema-graph\">{\"@context\":\"https:\/\/schema.org\",\"@graph\":[{\"@type\":\"WebPage\",\"@id\":\"https:\/\/www.cesvop.org\/bibliotecasociale\/?page_id=88\",\"url\":\"https:\/\/www.cesvop.org\/bibliotecasociale\/?page_id=88\",\"name\":\"Eventi culturali - Biblioteca Sociale CeSVoP\",\"isPartOf\":{\"@id\":\"https:\/\/www.cesvop.org\/bibliotecasociale\/#website\"},\"primaryImageOfPage\":{\"@id\":\"https:\/\/www.cesvop.org\/bibliotecasociale\/?page_id=88#primaryimage\"},\"image\":{\"@id\":\"https:\/\/www.cesvop.org\/bibliotecasociale\/?page_id=88#primaryimage\"},\"thumbnailUrl\":\"https:\/\/www.cesvop.org\/bibliotecasociale\/wp-content\/uploads\/2024\/11\/biblio_sociale_header_cultura.png\",\"datePublished\":\"2024-11-28T10:23:27+00:00\",\"dateModified\":\"2024-11-28T10:23:28+00:00\",\"breadcrumb\":{\"@id\":\"https:\/\/www.cesvop.org\/bibliotecasociale\/?page_id=88#breadcrumb\"},\"inLanguage\":\"it-IT\",\"potentialAction\":[{\"@type\":\"ReadAction\",\"target\":[\"https:\/\/www.cesvop.org\/bibliotecasociale\/?page_id=88\"]}]},{\"@type\":\"ImageObject\",\"inLanguage\":\"it-IT\",\"@id\":\"https:\/\/www.cesvop.org\/bibliotecasociale\/?page_id=88#primaryimage\",\"url\":\"https:\/\/www.cesvop.org\/bibliotecasociale\/wp-content\/uploads\/2024\/11\/biblio_sociale_header_cultura.png\",\"contentUrl\":\"https:\/\/www.cesvop.org\/bibliotecasociale\/wp-content\/uploads\/2024\/11\/biblio_sociale_header_cultura.png\",\"width\":1104,\"height\":621},{\"@type\":\"BreadcrumbList\",\"@id\":\"https:\/\/www.cesvop.org\/bibliotecasociale\/?page_id=88#breadcrumb\",\"itemListElement\":[{\"@type\":\"ListItem\",\"position\":1,\"name\":\"Home\",\"item\":\"https:\/\/www.cesvop.org\/bibliotecasociale\/\"},{\"@type\":\"ListItem\",\"position\":2,\"name\":\"Eventi culturali\"}]},{\"@type\":\"WebSite\",\"@id\":\"https:\/\/www.cesvop.org\/bibliotecasociale\/#website\",\"url\":\"https:\/\/www.cesvop.org\/bibliotecasociale\/\",\"name\":\"Biblioteca Sociale CeSVoP\",\"description\":\"\",\"publisher\":{\"@id\":\"https:\/\/www.cesvop.org\/bibliotecasociale\/#organization\"},\"potentialAction\":[{\"@type\":\"SearchAction\",\"target\":{\"@type\":\"EntryPoint\",\"urlTemplate\":\"https:\/\/www.cesvop.org\/bibliotecasociale\/?s={search_term_string}\"},\"query-input\":{\"@type\":\"PropertyValueSpecification\",\"valueRequired\":true,\"valueName\":\"search_term_string\"}}],\"inLanguage\":\"it-IT\"},{\"@type\":\"Organization\",\"@id\":\"https:\/\/www.cesvop.org\/bibliotecasociale\/#organization\",\"name\":\"Biblioteca Sociale CeSVoP\",\"url\":\"https:\/\/www.cesvop.org\/bibliotecasociale\/\",\"logo\":{\"@type\":\"ImageObject\",\"inLanguage\":\"it-IT\",\"@id\":\"https:\/\/www.cesvop.org\/bibliotecasociale\/#\/schema\/logo\/image\/\",\"url\":\"https:\/\/www.cesvop.org\/bibliotecasociale\/wp-content\/uploads\/2024\/11\/cropped-logo_biblio_ok.png\",\"contentUrl\":\"https:\/\/www.cesvop.org\/bibliotecasociale\/wp-content\/uploads\/2024\/11\/cropped-logo_biblio_ok.png\",\"width\":150,\"height\":150,\"caption\":\"Biblioteca Sociale CeSVoP\"},\"image\":{\"@id\":\"https:\/\/www.cesvop.org\/bibliotecasociale\/#\/schema\/logo\/image\/\"}}]}<\/script>\r\n<!-- \/ Yoast SEO plugin. -->","yoast_head_json":{"title":"Eventi culturali - Biblioteca Sociale CeSVoP","robots":{"index":"index","follow":"follow","max-snippet":"max-snippet:-1","max-image-preview":"max-image-preview:large","max-video-preview":"max-video-preview:-1"},"canonical":"https:\/\/www.cesvop.org\/bibliotecasociale\/?page_id=88","og_locale":"it_IT","og_type":"article","og_title":"Eventi culturali - Biblioteca Sociale CeSVoP","og_description":"La Biblioteca Sociale del CeSVoP \u00e8 molto pi\u00f9 che una semplice biblioteca! \u00c8 un luogo vivace e dinamico dove la cultura prende forma attraverso un ricco programma di eventi per tutte le et\u00e0. Cosa ti offriamo: La partecipazione agli eventi \u00e8 aperta a tutti e spesso gratuita, grazie al sostegno [&hellip;]","og_url":"https:\/\/www.cesvop.org\/bibliotecasociale\/?page_id=88","og_site_name":"Biblioteca Sociale CeSVoP","article_modified_time":"2024-11-28T10:23:28+00:00","og_image":[{"width":1104,"height":621,"url":"https:\/\/www.cesvop.org\/bibliotecasociale\/wp-content\/uploads\/2024\/11\/biblio_sociale_header_cultura.png","type":"image\/png"}],"twitter_card":"summary_large_image","twitter_misc":{"Tempo di lettura stimato":"1 minuto"},"schema":{"@context":"https:\/\/schema.org","@graph":[{"@type":"WebPage","@id":"https:\/\/www.cesvop.org\/bibliotecasociale\/?page_id=88","url":"https:\/\/www.cesvop.org\/bibliotecasociale\/?page_id=88","name":"Eventi culturali - Biblioteca Sociale CeSVoP","isPartOf":{"@id":"https:\/\/www.cesvop.org\/bibliotecasociale\/#website"},"primaryImageOfPage":{"@id":"https:\/\/www.cesvop.org\/bibliotecasociale\/?page_id=88#primaryimage"},"image":{"@id":"https:\/\/www.cesvop.org\/bibliotecasociale\/?page_id=88#primaryimage"},"thumbnailUrl":"https:\/\/www.cesvop.org\/bibliotecasociale\/wp-content\/uploads\/2024\/11\/biblio_sociale_header_cultura.png","datePublished":"2024-11-28T10:23:27+00:00","dateModified":"2024-11-28T10:23:28+00:00","breadcrumb":{"@id":"https:\/\/www.cesvop.org\/bibliotecasociale\/?page_id=88#breadcrumb"},"inLanguage":"it-IT","potentialAction":[{"@type":"ReadAction","target":["https:\/\/www.cesvop.org\/bibliotecasociale\/?page_id=88"]}]},{"@type":"ImageObject","inLanguage":"it-IT","@id":"https:\/\/www.cesvop.org\/bibliotecasociale\/?page_id=88#primaryimage","url":"https:\/\/www.cesvop.org\/bibliotecasociale\/wp-content\/uploads\/2024\/11\/biblio_sociale_header_cultura.png","contentUrl":"https:\/\/www.cesvop.org\/bibliotecasociale\/wp-content\/uploads\/2024\/11\/biblio_sociale_header_cultura.png","width":1104,"height":621},{"@type":"BreadcrumbList","@id":"https:\/\/www.cesvop.org\/bibliotecasociale\/?page_id=88#breadcrumb","itemListElement":[{"@type":"ListItem","position":1,"name":"Home","item":"https:\/\/www.cesvop.org\/bibliotecasociale\/"},{"@type":"ListItem","position":2,"name":"Eventi culturali"}]},{"@type":"WebSite","@id":"https:\/\/www.cesvop.org\/bibliotecasociale\/#website","url":"https:\/\/www.cesvop.org\/bibliotecasociale\/","name":"Biblioteca Sociale CeSVoP","description":"","publisher":{"@id":"https:\/\/www.cesvop.org\/bibliotecasociale\/#organization"},"potentialAction":[{"@type":"SearchAction","target":{"@type":"EntryPoint","urlTemplate":"https:\/\/www.cesvop.org\/bibliotecasociale\/?s={search_term_string}"},"query-input":{"@type":"PropertyValueSpecification","valueRequired":true,"valueName":"search_term_string"}}],"inLanguage":"it-IT"},{"@type":"Organization","@id":"https:\/\/www.cesvop.org\/bibliotecasociale\/#organization","name":"Biblioteca Sociale CeSVoP","url":"https:\/\/www.cesvop.org\/bibliotecasociale\/","logo":{"@type":"ImageObject","inLanguage":"it-IT","@id":"https:\/\/www.cesvop.org\/bibliotecasociale\/#\/schema\/logo\/image\/","url":"https:\/\/www.cesvop.org\/bibliotecasociale\/wp-content\/uploads\/2024\/11\/cropped-logo_biblio_ok.png","contentUrl":"https:\/\/www.cesvop.org\/bibliotecasociale\/wp-content\/uploads\/2024\/11\/cropped-logo_biblio_ok.png","width":150,"height":150,"caption":"Biblioteca Sociale CeSVoP"},"image":{"@id":"https:\/\/www.cesvop.org\/bibliotecasociale\/#\/schema\/logo\/image\/"}}]}},"_links":{"self":[{"href":"https:\/\/www.cesvop.org\/bibliotecasociale\/index.php?rest_route=\/wp\/v2\/pages\/88","targetHints":{"allow":["GET"]}}],"collection":[{"href":"https:\/\/www.cesvop.org\/bibliotecasociale\/index.php?rest_route=\/wp\/v2\/pages"}],"about":[{"href":"https:\/\/www.cesvop.org\/bibliotecasociale\/index.php?rest_route=\/wp\/v2\/types\/page"}],"author":[{"embeddable":true,"href":"https:\/\/www.cesvop.org\/bibliotecasociale\/index.php?rest_route=\/wp\/v2\/users\/1"}],"replies":[{"embeddable":true,"href":"https:\/\/www.cesvop.org\/bibliotecasociale\/index.php?rest_route=%2Fwp%2Fv2%2Fcomments&post=88"}],"version-history":[{"count":1,"href":"https:\/\/www.cesvop.org\/bibliotecasociale\/index.php?rest_route=\/wp\/v2\/pages\/88\/revisions"}],"predecessor-version":[{"id":90,"href":"https:\/\/www.cesvop.org\/bibliotecasociale\/index.php?rest_route=\/wp\/v2\/pages\/88\/revisions\/90"}],"wp:featuredmedia":[{"embeddable":true,"href":"https:\/\/www.cesvop.org\/bibliotecasociale\/index.php?rest_route=\/wp\/v2\/media\/89"}],"wp:attachment":[{"href":"https:\/\/www.cesvop.org\/bibliotecasociale\/index.php?rest_route=%2Fwp%2Fv2%2Fmedia&parent=88"}],"curies":[{"name":"wp","href":"https:\/\/api.w.org\/{rel}","templated":true}]}}