{"id":47,"date":"2024-11-28T10:12:10","date_gmt":"2024-11-28T09:12:10","guid":{"rendered":"https:\/\/www.cesvop.org\/bibliotecasociale\/?page_id=47"},"modified":"2025-01-30T16:11:00","modified_gmt":"2025-01-30T15:11:00","slug":"chi-siamo","status":"publish","type":"page","link":"https:\/\/www.cesvop.org\/bibliotecasociale\/?page_id=47","title":{"rendered":"Chi siamo"},"content":{"rendered":"\n<p>La biblioteca sociale di via Pizzetti \u00e8 <strong>un luogo d&#8217;incontro<\/strong> in cui \u00e8 possibile leggere, consultare o prendere in prestito libri e materiale documentale. Il servizio \u00e8 <strong>gratuito<\/strong> e offre una vasta gamma di testi, tra cui narrativa, poesia, saggistica, riviste scientifiche e di volontariato. Essendo una biblioteca sociale, \u00e8 anche <strong>un luogo per svolgere attivit\u00e0 culturali e sociali<\/strong>.<\/p>\n\n\n\n<h2 class=\"wp-block-heading\">La biblioteca sociale del CeSVoP \u00e8 <strong>il primo polo culturale interamente dedicato al NoProfit e al Terzo Settore a Palermo<\/strong>.<\/h2>\n\n\n\n<p>Offre <strong>oltre 2000 libri e pubblicazioni<\/strong> su questi temi, oltre a una vasta selezione di narrativa, saggistica e libri per bambini e adolescenti. <strong>La biblioteca \u00e8 un luogo aperto al pubblico dove la cultura prende forma.<\/strong> Qui \u00e8 possibile partecipare e organizzare <strong>incontri, riunioni, gruppi di studio, presentazioni di libri, cineforum<\/strong> e persino divertirsi giocando insieme. \u00c8 uno spazio dinamico dove le idee si incontrano e crescono.<\/p>\n\n\n\n<h2 class=\"wp-block-heading\">La biblioteca si trova all&#8217;interno della Casa del Volontariato in <strong>Via Pizzetti 10 a Palermo<\/strong>.<\/h2>\n\n\n\n<iframe src=\"https:\/\/www.google.com\/maps\/embed?pb=!1m18!1m12!1m3!1d3722.8712679781893!2d13.337214976316995!3d38.12877879168853!2m3!1f0!2f0!3f0!3m2!1i1024!2i768!4f13.1!3m3!1m2!1s0x1319ef4640595bff%3A0xb5fad68174861e6b!2sVia%20I.%20Pizzetti%2C%2010%2C%2090145%20Palermo%20PA!5e1!3m2!1sit!2sit!4v1732785726565!5m2!1sit!2sit\" width=\"600\" height=\"450\" style=\"border:0;\" allowfullscreen=\"\" loading=\"lazy\" referrerpolicy=\"no-referrer-when-downgrade\"><\/iframe>\n\n\n\n<div style=\"height:100px\" aria-hidden=\"true\" class=\"wp-block-spacer\"><\/div>\n","protected":false},"excerpt":{"rendered":"<p>La biblioteca sociale di via Pizzetti \u00e8 un luogo d&#8217;incontro in cui \u00e8 possibile leggere, consultare o prendere in prestito libri e materiale documentale. Il servizio \u00e8 gratuito e offre una vasta gamma di testi, tra cui narrativa, poesia, saggistica, riviste scientifiche e di volontariato. Essendo una biblioteca sociale, \u00e8 [&hellip;]<\/p>\n","protected":false},"author":1,"featured_media":63,"parent":0,"menu_order":0,"comment_status":"closed","ping_status":"closed","template":"","meta":{"_themeisle_gutenberg_block_has_review":false,"footnotes":""},"class_list":["post-47","page","type-page","status-publish","has-post-thumbnail","hentry"],"yoast_head":"<!-- This site is optimized with the Yoast SEO plugin v26.6 - https:\/\/yoast.com\/wordpress\/plugins\/seo\/ -->\r\n<title>Chi siamo - Biblioteca Sociale CeSVoP<\/title>\r\n<meta name=\"robots\" content=\"index, follow, max-snippet:-1, max-image-preview:large, max-video-preview:-1\" \/>\r\n<link rel=\"canonical\" href=\"https:\/\/www.cesvop.org\/bibliotecasociale\/?page_id=47\" \/>\r\n<meta property=\"og:locale\" content=\"it_IT\" \/>\r\n<meta property=\"og:type\" content=\"article\" \/>\r\n<meta property=\"og:title\" content=\"Chi siamo - Biblioteca Sociale CeSVoP\" \/>\r\n<meta property=\"og:description\" content=\"La biblioteca sociale di via Pizzetti \u00e8 un luogo d&#8217;incontro in cui \u00e8 possibile leggere, consultare o prendere in prestito libri e materiale documentale. Il servizio \u00e8 gratuito e offre una vasta gamma di testi, tra cui narrativa, poesia, saggistica, riviste scientifiche e di volontariato. Essendo una biblioteca sociale, \u00e8 [&hellip;]\" \/>\r\n<meta property=\"og:url\" content=\"https:\/\/www.cesvop.org\/bibliotecasociale\/?page_id=47\" \/>\r\n<meta property=\"og:site_name\" content=\"Biblioteca Sociale CeSVoP\" \/>\r\n<meta property=\"article:modified_time\" content=\"2025-01-30T15:11:00+00:00\" \/>\r\n<meta property=\"og:image\" content=\"https:\/\/www.cesvop.org\/bibliotecasociale\/wp-content\/uploads\/2024\/11\/biblio_sociale_chi_siamo.png\" \/>\r\n\t<meta property=\"og:image:width\" content=\"1104\" \/>\r\n\t<meta property=\"og:image:height\" content=\"621\" \/>\r\n\t<meta property=\"og:image:type\" content=\"image\/png\" \/>\r\n<meta name=\"twitter:card\" content=\"summary_large_image\" \/>\r\n<meta name=\"twitter:label1\" content=\"Tempo di lettura stimato\" \/>\n\t<meta name=\"twitter:data1\" content=\"1 minuto\" \/>\r\n<script type=\"application\/ld+json\" class=\"yoast-schema-graph\">{\"@context\":\"https:\/\/schema.org\",\"@graph\":[{\"@type\":\"WebPage\",\"@id\":\"https:\/\/www.cesvop.org\/bibliotecasociale\/?page_id=47\",\"url\":\"https:\/\/www.cesvop.org\/bibliotecasociale\/?page_id=47\",\"name\":\"Chi siamo - Biblioteca Sociale CeSVoP\",\"isPartOf\":{\"@id\":\"https:\/\/www.cesvop.org\/bibliotecasociale\/#website\"},\"primaryImageOfPage\":{\"@id\":\"https:\/\/www.cesvop.org\/bibliotecasociale\/?page_id=47#primaryimage\"},\"image\":{\"@id\":\"https:\/\/www.cesvop.org\/bibliotecasociale\/?page_id=47#primaryimage\"},\"thumbnailUrl\":\"https:\/\/www.cesvop.org\/bibliotecasociale\/wp-content\/uploads\/2024\/11\/biblio_sociale_chi_siamo.png\",\"datePublished\":\"2024-11-28T09:12:10+00:00\",\"dateModified\":\"2025-01-30T15:11:00+00:00\",\"breadcrumb\":{\"@id\":\"https:\/\/www.cesvop.org\/bibliotecasociale\/?page_id=47#breadcrumb\"},\"inLanguage\":\"it-IT\",\"potentialAction\":[{\"@type\":\"ReadAction\",\"target\":[\"https:\/\/www.cesvop.org\/bibliotecasociale\/?page_id=47\"]}]},{\"@type\":\"ImageObject\",\"inLanguage\":\"it-IT\",\"@id\":\"https:\/\/www.cesvop.org\/bibliotecasociale\/?page_id=47#primaryimage\",\"url\":\"https:\/\/www.cesvop.org\/bibliotecasociale\/wp-content\/uploads\/2024\/11\/biblio_sociale_chi_siamo.png\",\"contentUrl\":\"https:\/\/www.cesvop.org\/bibliotecasociale\/wp-content\/uploads\/2024\/11\/biblio_sociale_chi_siamo.png\",\"width\":1104,\"height\":621},{\"@type\":\"BreadcrumbList\",\"@id\":\"https:\/\/www.cesvop.org\/bibliotecasociale\/?page_id=47#breadcrumb\",\"itemListElement\":[{\"@type\":\"ListItem\",\"position\":1,\"name\":\"Home\",\"item\":\"https:\/\/www.cesvop.org\/bibliotecasociale\/\"},{\"@type\":\"ListItem\",\"position\":2,\"name\":\"Chi siamo\"}]},{\"@type\":\"WebSite\",\"@id\":\"https:\/\/www.cesvop.org\/bibliotecasociale\/#website\",\"url\":\"https:\/\/www.cesvop.org\/bibliotecasociale\/\",\"name\":\"Biblioteca Sociale CeSVoP\",\"description\":\"\",\"publisher\":{\"@id\":\"https:\/\/www.cesvop.org\/bibliotecasociale\/#organization\"},\"potentialAction\":[{\"@type\":\"SearchAction\",\"target\":{\"@type\":\"EntryPoint\",\"urlTemplate\":\"https:\/\/www.cesvop.org\/bibliotecasociale\/?s={search_term_string}\"},\"query-input\":{\"@type\":\"PropertyValueSpecification\",\"valueRequired\":true,\"valueName\":\"search_term_string\"}}],\"inLanguage\":\"it-IT\"},{\"@type\":\"Organization\",\"@id\":\"https:\/\/www.cesvop.org\/bibliotecasociale\/#organization\",\"name\":\"Biblioteca Sociale CeSVoP\",\"url\":\"https:\/\/www.cesvop.org\/bibliotecasociale\/\",\"logo\":{\"@type\":\"ImageObject\",\"inLanguage\":\"it-IT\",\"@id\":\"https:\/\/www.cesvop.org\/bibliotecasociale\/#\/schema\/logo\/image\/\",\"url\":\"https:\/\/www.cesvop.org\/bibliotecasociale\/wp-content\/uploads\/2024\/11\/cropped-logo_biblio_ok.png\",\"contentUrl\":\"https:\/\/www.cesvop.org\/bibliotecasociale\/wp-content\/uploads\/2024\/11\/cropped-logo_biblio_ok.png\",\"width\":150,\"height\":150,\"caption\":\"Biblioteca Sociale CeSVoP\"},\"image\":{\"@id\":\"https:\/\/www.cesvop.org\/bibliotecasociale\/#\/schema\/logo\/image\/\"}}]}<\/script>\r\n<!-- \/ Yoast SEO plugin. -->","yoast_head_json":{"title":"Chi siamo - Biblioteca Sociale CeSVoP","robots":{"index":"index","follow":"follow","max-snippet":"max-snippet:-1","max-image-preview":"max-image-preview:large","max-video-preview":"max-video-preview:-1"},"canonical":"https:\/\/www.cesvop.org\/bibliotecasociale\/?page_id=47","og_locale":"it_IT","og_type":"article","og_title":"Chi siamo - Biblioteca Sociale CeSVoP","og_description":"La biblioteca sociale di via Pizzetti \u00e8 un luogo d&#8217;incontro in cui \u00e8 possibile leggere, consultare o prendere in prestito libri e materiale documentale. Il servizio \u00e8 gratuito e offre una vasta gamma di testi, tra cui narrativa, poesia, saggistica, riviste scientifiche e di volontariato. Essendo una biblioteca sociale, \u00e8 [&hellip;]","og_url":"https:\/\/www.cesvop.org\/bibliotecasociale\/?page_id=47","og_site_name":"Biblioteca Sociale CeSVoP","article_modified_time":"2025-01-30T15:11:00+00:00","og_image":[{"width":1104,"height":621,"url":"https:\/\/www.cesvop.org\/bibliotecasociale\/wp-content\/uploads\/2024\/11\/biblio_sociale_chi_siamo.png","type":"image\/png"}],"twitter_card":"summary_large_image","twitter_misc":{"Tempo di lettura stimato":"1 minuto"},"schema":{"@context":"https:\/\/schema.org","@graph":[{"@type":"WebPage","@id":"https:\/\/www.cesvop.org\/bibliotecasociale\/?page_id=47","url":"https:\/\/www.cesvop.org\/bibliotecasociale\/?page_id=47","name":"Chi siamo - Biblioteca Sociale CeSVoP","isPartOf":{"@id":"https:\/\/www.cesvop.org\/bibliotecasociale\/#website"},"primaryImageOfPage":{"@id":"https:\/\/www.cesvop.org\/bibliotecasociale\/?page_id=47#primaryimage"},"image":{"@id":"https:\/\/www.cesvop.org\/bibliotecasociale\/?page_id=47#primaryimage"},"thumbnailUrl":"https:\/\/www.cesvop.org\/bibliotecasociale\/wp-content\/uploads\/2024\/11\/biblio_sociale_chi_siamo.png","datePublished":"2024-11-28T09:12:10+00:00","dateModified":"2025-01-30T15:11:00+00:00","breadcrumb":{"@id":"https:\/\/www.cesvop.org\/bibliotecasociale\/?page_id=47#breadcrumb"},"inLanguage":"it-IT","potentialAction":[{"@type":"ReadAction","target":["https:\/\/www.cesvop.org\/bibliotecasociale\/?page_id=47"]}]},{"@type":"ImageObject","inLanguage":"it-IT","@id":"https:\/\/www.cesvop.org\/bibliotecasociale\/?page_id=47#primaryimage","url":"https:\/\/www.cesvop.org\/bibliotecasociale\/wp-content\/uploads\/2024\/11\/biblio_sociale_chi_siamo.png","contentUrl":"https:\/\/www.cesvop.org\/bibliotecasociale\/wp-content\/uploads\/2024\/11\/biblio_sociale_chi_siamo.png","width":1104,"height":621},{"@type":"BreadcrumbList","@id":"https:\/\/www.cesvop.org\/bibliotecasociale\/?page_id=47#breadcrumb","itemListElement":[{"@type":"ListItem","position":1,"name":"Home","item":"https:\/\/www.cesvop.org\/bibliotecasociale\/"},{"@type":"ListItem","position":2,"name":"Chi siamo"}]},{"@type":"WebSite","@id":"https:\/\/www.cesvop.org\/bibliotecasociale\/#website","url":"https:\/\/www.cesvop.org\/bibliotecasociale\/","name":"Biblioteca Sociale CeSVoP","description":"","publisher":{"@id":"https:\/\/www.cesvop.org\/bibliotecasociale\/#organization"},"potentialAction":[{"@type":"SearchAction","target":{"@type":"EntryPoint","urlTemplate":"https:\/\/www.cesvop.org\/bibliotecasociale\/?s={search_term_string}"},"query-input":{"@type":"PropertyValueSpecification","valueRequired":true,"valueName":"search_term_string"}}],"inLanguage":"it-IT"},{"@type":"Organization","@id":"https:\/\/www.cesvop.org\/bibliotecasociale\/#organization","name":"Biblioteca Sociale CeSVoP","url":"https:\/\/www.cesvop.org\/bibliotecasociale\/","logo":{"@type":"ImageObject","inLanguage":"it-IT","@id":"https:\/\/www.cesvop.org\/bibliotecasociale\/#\/schema\/logo\/image\/","url":"https:\/\/www.cesvop.org\/bibliotecasociale\/wp-content\/uploads\/2024\/11\/cropped-logo_biblio_ok.png","contentUrl":"https:\/\/www.cesvop.org\/bibliotecasociale\/wp-content\/uploads\/2024\/11\/cropped-logo_biblio_ok.png","width":150,"height":150,"caption":"Biblioteca Sociale CeSVoP"},"image":{"@id":"https:\/\/www.cesvop.org\/bibliotecasociale\/#\/schema\/logo\/image\/"}}]}},"_links":{"self":[{"href":"https:\/\/www.cesvop.org\/bibliotecasociale\/index.php?rest_route=\/wp\/v2\/pages\/47","targetHints":{"allow":["GET"]}}],"collection":[{"href":"https:\/\/www.cesvop.org\/bibliotecasociale\/index.php?rest_route=\/wp\/v2\/pages"}],"about":[{"href":"https:\/\/www.cesvop.org\/bibliotecasociale\/index.php?rest_route=\/wp\/v2\/types\/page"}],"author":[{"embeddable":true,"href":"https:\/\/www.cesvop.org\/bibliotecasociale\/index.php?rest_route=\/wp\/v2\/users\/1"}],"replies":[{"embeddable":true,"href":"https:\/\/www.cesvop.org\/bibliotecasociale\/index.php?rest_route=%2Fwp%2Fv2%2Fcomments&post=47"}],"version-history":[{"count":3,"href":"https:\/\/www.cesvop.org\/bibliotecasociale\/index.php?rest_route=\/wp\/v2\/pages\/47\/revisions"}],"predecessor-version":[{"id":191,"href":"https:\/\/www.cesvop.org\/bibliotecasociale\/index.php?rest_route=\/wp\/v2\/pages\/47\/revisions\/191"}],"wp:featuredmedia":[{"embeddable":true,"href":"https:\/\/www.cesvop.org\/bibliotecasociale\/index.php?rest_route=\/wp\/v2\/media\/63"}],"wp:attachment":[{"href":"https:\/\/www.cesvop.org\/bibliotecasociale\/index.php?rest_route=%2Fwp%2Fv2%2Fmedia&parent=47"}],"curies":[{"name":"wp","href":"https:\/\/api.w.org\/{rel}","templated":true}]}}